{"id":1582,"date":"2023-10-15T17:36:52","date_gmt":"2023-10-15T16:36:52","guid":{"rendered":"https:\/\/www.royalcourt.co\/fr\/?page_id=1582"},"modified":"2024-12-14T21:52:38","modified_gmt":"2024-12-14T20:52:38","slug":"donnees-des-utilisateurs","status":"publish","type":"page","link":"https:\/\/www.royalcourt.co\/fr\/donnees-des-utilisateurs\/","title":{"rendered":"Donn\u00e9es des utilisateurs"},"content":{"rendered":"<p>[vc_row][vc_column][vc_column_text]<\/p>\n<p style=\"text-align: center;\"><strong>Traitement de vos donn\u00e9es<\/strong><\/p>\n<p>Royal Court et nos partenaires se permettent de traiter vos donn\u00e9es personnelles que nous sont transmis, par biais du remplissage du formulaire, pour l&rsquo;ouverture de dossier d&rsquo;un contrat de mandat ou pour la pr\u00e9sentation d&rsquo;une offre. Vos donn\u00e9es personnelles qui permettent de vous identifier, tel comme votre nom, pr\u00e9nom, adresse et tout contact seront effac\u00e9s lors l&rsquo;annulation d&rsquo;un contrat de mandat en cours ou d&rsquo;un contrat de mandat non abouti.<\/p>\n<p>&nbsp;<\/p>\n<p style=\"text-align: center;\"><strong>Conservation de vos donn\u00e9es personnelles<\/strong><\/p>\n<p>Nous nous permettons de conserver quelques donn\u00e9es personnelles, (tel comme\u00a0 la r\u00e9gion, tranche d&rsquo;\u00e2ge, genre, composition familiale, le type de demande, demandes particuli\u00e8res, exigences, etc.) qui ne permettent vous identifier personnellement pour des fins d&rsquo;am\u00e9lioration de nos prestations, \u00e9tude de march\u00e9 et des statistiques. Nous ne les utiliserions pas pour de fins commerciales.<\/p>\n<p>&nbsp;<\/p>\n<p style=\"text-align: center;\"><strong>Protection de vos donn\u00e9es personnelles<\/strong><\/p>\n<p>Nous nous sommes engag\u00e9s \u00e0 prot\u00e9ger vos donn\u00e9es personnelles et dans aucun des cas nous les partageons ou mettons \u00e0 disposition \u00e0 d&rsquo;autres entit\u00e9s. Bien \u00e9videmment, nous faisons un grand effort\u00a0 pour mettre au point et \u00e0 jour notre protection et s\u00e9curit\u00e9 mais nous d\u00e9clinons toute responsabilit\u00e9 sur tout vol de donn\u00e9es lors d&rsquo;un attaque informatique.<\/p>\n<p>&nbsp;<\/p>\n<p>L&rsquo;\u00e9quipe de Royal Court.[\/vc_column_text][\/vc_column][\/vc_row]<\/p>\n","protected":false},"excerpt":{"rendered":"<p>[vc_row][vc_column][vc_column_text] Traitement de vos donn\u00e9es Royal Court et nos partenaires se permettent de traiter vos donn\u00e9es personnelles que nous sont transmis, par biais du remplissage du formulaire, pour l&rsquo;ouverture de dossier d&rsquo;un contrat de mandat ou pour la pr\u00e9sentation d&rsquo;une offre. Vos donn\u00e9es personnelles qui permettent de vous identifier, tel comme votre nom, pr\u00e9nom, adresse [&hellip;]<\/p>\n","protected":false},"author":1,"featured_media":0,"parent":0,"menu_order":0,"comment_status":"closed","ping_status":"closed","template":"","meta":{"footnotes":""},"class_list":["post-1582","page","type-page","status-publish","hentry"],"yoast_head":"<!-- This site is optimized with the Yoast SEO plugin v26.0 - https:\/\/yoast.com\/wordpress\/plugins\/seo\/ -->\n<title>Donn\u00e9es des utilisateurs - Royal Court<\/title>\n<meta name=\"robots\" content=\"index, follow, max-snippet:-1, max-image-preview:large, max-video-preview:-1\" \/>\n<link rel=\"canonical\" href=\"https:\/\/www.royalcourt.co\/fr\/donnees-des-utilisateurs\/\" \/>\n<meta property=\"og:locale\" content=\"fr_FR\" \/>\n<meta property=\"og:type\" content=\"article\" \/>\n<meta property=\"og:title\" content=\"Donn\u00e9es des utilisateurs - Royal Court\" \/>\n<meta property=\"og:description\" content=\"[vc_row][vc_column][vc_column_text] Traitement de vos donn\u00e9es Royal Court et nos partenaires se permettent de traiter vos donn\u00e9es personnelles que nous sont transmis, par biais du remplissage du formulaire, pour l&rsquo;ouverture de dossier d&rsquo;un contrat de mandat ou pour la pr\u00e9sentation d&rsquo;une offre. Vos donn\u00e9es personnelles qui permettent de vous identifier, tel comme votre nom, pr\u00e9nom, adresse [&hellip;]\" \/>\n<meta property=\"og:url\" content=\"https:\/\/www.royalcourt.co\/fr\/donnees-des-utilisateurs\/\" \/>\n<meta property=\"og:site_name\" content=\"Royal Court\" \/>\n<meta property=\"article:publisher\" content=\"https:\/\/www.facebook.com\/pages\/category\/In-Home-Service\/Royal-Court-Private-Properties-Management-140933876576718\/\" \/>\n<meta property=\"article:modified_time\" content=\"2024-12-14T20:52:38+00:00\" \/>\n<meta name=\"twitter:card\" content=\"summary_large_image\" \/>\n<meta name=\"twitter:label1\" content=\"Dur\u00e9e de lecture estim\u00e9e\" \/>\n\t<meta name=\"twitter:data1\" content=\"2 minutes\" \/>\n<script type=\"application\/ld+json\" class=\"yoast-schema-graph\">{\"@context\":\"https:\/\/schema.org\",\"@graph\":[{\"@type\":\"WebPage\",\"@id\":\"https:\/\/www.royalcourt.co\/fr\/donnees-des-utilisateurs\/\",\"url\":\"https:\/\/www.royalcourt.co\/fr\/donnees-des-utilisateurs\/\",\"name\":\"Donn\u00e9es des utilisateurs - Royal Court\",\"isPartOf\":{\"@id\":\"https:\/\/www.royalcourt.co\/fr\/#website\"},\"datePublished\":\"2023-10-15T16:36:52+00:00\",\"dateModified\":\"2024-12-14T20:52:38+00:00\",\"breadcrumb\":{\"@id\":\"https:\/\/www.royalcourt.co\/fr\/donnees-des-utilisateurs\/#breadcrumb\"},\"inLanguage\":\"fr-FR\",\"potentialAction\":[{\"@type\":\"ReadAction\",\"target\":[\"https:\/\/www.royalcourt.co\/fr\/donnees-des-utilisateurs\/\"]}]},{\"@type\":\"BreadcrumbList\",\"@id\":\"https:\/\/www.royalcourt.co\/fr\/donnees-des-utilisateurs\/#breadcrumb\",\"itemListElement\":[{\"@type\":\"ListItem\",\"position\":1,\"name\":\"Home\",\"item\":\"https:\/\/www.royalcourt.co\/fr\/\"},{\"@type\":\"ListItem\",\"position\":2,\"name\":\"Donn\u00e9es des utilisateurs\"}]},{\"@type\":\"WebSite\",\"@id\":\"https:\/\/www.royalcourt.co\/fr\/#website\",\"url\":\"https:\/\/www.royalcourt.co\/fr\/\",\"name\":\"Royal Court\",\"description\":\"Gestion et gardiennage de propri&eacute;t&eacute;s priv&eacute;s. Facility Management\",\"potentialAction\":[{\"@type\":\"SearchAction\",\"target\":{\"@type\":\"EntryPoint\",\"urlTemplate\":\"https:\/\/www.royalcourt.co\/fr\/?s={search_term_string}\"},\"query-input\":{\"@type\":\"PropertyValueSpecification\",\"valueRequired\":true,\"valueName\":\"search_term_string\"}}],\"inLanguage\":\"fr-FR\"}]}<\/script>\n<!-- \/ Yoast SEO plugin. -->","yoast_head_json":{"title":"Donn\u00e9es des utilisateurs - Royal Court","robots":{"index":"index","follow":"follow","max-snippet":"max-snippet:-1","max-image-preview":"max-image-preview:large","max-video-preview":"max-video-preview:-1"},"canonical":"https:\/\/www.royalcourt.co\/fr\/donnees-des-utilisateurs\/","og_locale":"fr_FR","og_type":"article","og_title":"Donn\u00e9es des utilisateurs - Royal Court","og_description":"[vc_row][vc_column][vc_column_text] Traitement de vos donn\u00e9es Royal Court et nos partenaires se permettent de traiter vos donn\u00e9es personnelles que nous sont transmis, par biais du remplissage du formulaire, pour l&rsquo;ouverture de dossier d&rsquo;un contrat de mandat ou pour la pr\u00e9sentation d&rsquo;une offre. Vos donn\u00e9es personnelles qui permettent de vous identifier, tel comme votre nom, pr\u00e9nom, adresse [&hellip;]","og_url":"https:\/\/www.royalcourt.co\/fr\/donnees-des-utilisateurs\/","og_site_name":"Royal Court","article_publisher":"https:\/\/www.facebook.com\/pages\/category\/In-Home-Service\/Royal-Court-Private-Properties-Management-140933876576718\/","article_modified_time":"2024-12-14T20:52:38+00:00","twitter_card":"summary_large_image","twitter_misc":{"Dur\u00e9e de lecture estim\u00e9e":"2 minutes"},"schema":{"@context":"https:\/\/schema.org","@graph":[{"@type":"WebPage","@id":"https:\/\/www.royalcourt.co\/fr\/donnees-des-utilisateurs\/","url":"https:\/\/www.royalcourt.co\/fr\/donnees-des-utilisateurs\/","name":"Donn\u00e9es des utilisateurs - Royal Court","isPartOf":{"@id":"https:\/\/www.royalcourt.co\/fr\/#website"},"datePublished":"2023-10-15T16:36:52+00:00","dateModified":"2024-12-14T20:52:38+00:00","breadcrumb":{"@id":"https:\/\/www.royalcourt.co\/fr\/donnees-des-utilisateurs\/#breadcrumb"},"inLanguage":"fr-FR","potentialAction":[{"@type":"ReadAction","target":["https:\/\/www.royalcourt.co\/fr\/donnees-des-utilisateurs\/"]}]},{"@type":"BreadcrumbList","@id":"https:\/\/www.royalcourt.co\/fr\/donnees-des-utilisateurs\/#breadcrumb","itemListElement":[{"@type":"ListItem","position":1,"name":"Home","item":"https:\/\/www.royalcourt.co\/fr\/"},{"@type":"ListItem","position":2,"name":"Donn\u00e9es des utilisateurs"}]},{"@type":"WebSite","@id":"https:\/\/www.royalcourt.co\/fr\/#website","url":"https:\/\/www.royalcourt.co\/fr\/","name":"Royal Court","description":"Gestion et gardiennage de propri&eacute;t&eacute;s priv&eacute;s. Facility Management","potentialAction":[{"@type":"SearchAction","target":{"@type":"EntryPoint","urlTemplate":"https:\/\/www.royalcourt.co\/fr\/?s={search_term_string}"},"query-input":{"@type":"PropertyValueSpecification","valueRequired":true,"valueName":"search_term_string"}}],"inLanguage":"fr-FR"}]}},"_links":{"self":[{"href":"https:\/\/www.royalcourt.co\/fr\/wp-json\/wp\/v2\/pages\/1582","targetHints":{"allow":["GET"]}}],"collection":[{"href":"https:\/\/www.royalcourt.co\/fr\/wp-json\/wp\/v2\/pages"}],"about":[{"href":"https:\/\/www.royalcourt.co\/fr\/wp-json\/wp\/v2\/types\/page"}],"author":[{"embeddable":true,"href":"https:\/\/www.royalcourt.co\/fr\/wp-json\/wp\/v2\/users\/1"}],"replies":[{"embeddable":true,"href":"https:\/\/www.royalcourt.co\/fr\/wp-json\/wp\/v2\/comments?post=1582"}],"version-history":[{"count":3,"href":"https:\/\/www.royalcourt.co\/fr\/wp-json\/wp\/v2\/pages\/1582\/revisions"}],"predecessor-version":[{"id":1735,"href":"https:\/\/www.royalcourt.co\/fr\/wp-json\/wp\/v2\/pages\/1582\/revisions\/1735"}],"wp:attachment":[{"href":"https:\/\/www.royalcourt.co\/fr\/wp-json\/wp\/v2\/media?parent=1582"}],"curies":[{"name":"wp","href":"https:\/\/api.w.org\/{rel}","templated":true}]}}