{"id":957,"date":"2018-11-09T14:10:56","date_gmt":"2018-11-09T13:10:56","guid":{"rendered":"https:\/\/www.royalcourt.co\/fr\/conciergerie-de-luxe-geneve-2\/"},"modified":"2026-01-25T14:23:07","modified_gmt":"2026-01-25T13:23:07","slug":"gerancedeproprietesgeneve","status":"publish","type":"page","link":"https:\/\/www.royalcourt.co\/fr\/gerancedeproprietesgeneve\/","title":{"rendered":"G\u00e9rance immobili\u00e8re priv\u00e9e \u00e0 Gen\u00e8ve"},"content":{"rendered":"<p>[vc_row full_width=\u00a0\u00bbstretch_row_content\u00a0\u00bb css=\u00a0\u00bb.vc_custom_1746729769637{background-color: #000000 !important;}\u00a0\u00bb][vc_column][\/vc_column][\/vc_row][vc_row full_width=\u00a0\u00bbstretch_row_content\u00a0\u00bb full_height=\u00a0\u00bbyes\u00a0\u00bb columns_placement=\u00a0\u00bbbottom\u00a0\u00bb equal_height=\u00a0\u00bbyes\u00a0\u00bb content_placement=\u00a0\u00bbbottom\u00a0\u00bb video_bg=\u00a0\u00bbyes\u00a0\u00bb video_bg_url=\u00a0\u00bbhttps:\/\/www.youtube.com\/watch?v=cijMONnYnBc\u00a0\u00bb css=\u00a0\u00bb.vc_custom_1746693478834{padding-right: 20px !important;padding-bottom: 10px !important;}\u00a0\u00bb][vc_column][vc_row_inner equal_height=\u00a0\u00bbyes\u00a0\u00bb][vc_column_inner width=\u00a0\u00bb1\/2&Prime;][\/vc_column_inner][vc_column_inner width=\u00a0\u00bb1\/2&Prime; css=\u00a0\u00bb.vc_custom_1436535211249{padding: 25px !important;background-color: rgba(10,0,0,0.5) !important;*background-color: rgb(10,0,0,0.5) !important;}\u00a0\u00bb][vc_custom_heading text=\u00a0\u00bbVotre gestionnaire et gardien de maisons \u00e0 Gen\u00e8ve!\u00a0\u00bb font_container=\u00a0\u00bbtag:h1|font_size:14px|text_align:left|color:%23ffffff\u00a0\u00bb use_theme_fonts=\u00a0\u00bbyes\u00a0\u00bb css=\u00a0\u00bb.vc_custom_1769344080807{margin-top: 0px !important;}\u00a0\u00bb][vc_column_text]<\/p>\n<p data-path-to-node=\"1\"><span style=\"color: #ffffff;\">Faisant preuve d\u2019une discr\u00e9tion absolue, nous offrons aux particuliers \u00e0 tr\u00e8s haut patrimoine (U)HNWI des services de gestion immobili\u00e8re de premier ordre ainsi que des prestations sur mesure.<\/span><\/p>\n<p data-path-to-node=\"2\"><span style=\"color: #ffffff;\">Gr\u00e2ce \u00e0 son r\u00e9seau, Royal Court propose une gamme compl\u00e8te de services exclusifs, sans \u00e9quivalent dans la r\u00e9gion.<\/span><\/p>\n<p>[\/vc_column_text][vc_btn title=\u00a0\u00bbCONTINUER&#8230;\u00a0\u00bb style=\u00a0\u00bboutline\u00a0\u00bb shape=\u00a0\u00bbsquare\u00a0\u00bb color=\u00a0\u00bbwhite\u00a0\u00bb link=\u00a0\u00bburl:https%3A%2F%2Fwww.royalcourt.co%2Ffr%2Fa-propos%2F|title:%C3%80%20propos|target:%20_blank|\u00a0\u00bb][\/vc_column_inner][\/vc_row_inner][\/vc_column][\/vc_row][vc_row full_width=\u00a0\u00bbstretch_row\u00a0\u00bb css=\u00a0\u00bb.vc_custom_1746643531090{padding-bottom: 10px !important;background-color: #ddc596 !important;}\u00a0\u00bb][vc_column][vc_empty_space height=\u00a0\u00bb14px\u00a0\u00bb css=\u00a0\u00bb.vc_custom_1746610342190{background-color: #ddc596 !important;}\u00a0\u00bb][vc_column_text]<a href=\"https:\/\/www.royalcourt.co\/genevapropertymanagement\/\">View in english<\/a>[\/vc_column_text][vc_custom_heading text=\u00a0\u00bbGestion de propri\u00e9t\u00e9s &amp; Administration\u00a0\u00bb font_container=\u00a0\u00bbtag:h1|font_size:24px|text_align:center\u00a0\u00bb google_fonts=\u00a0\u00bbfont_family:Montserrat%3Aregular%2C700|font_style:400%20regular%3A400%3Anormal\u00a0\u00bb][vc_column_text]<\/p>\n<p style=\"text-align: center;\" data-path-to-node=\"1\">Notre soci\u00e9t\u00e9 propose une gamme compl\u00e8te de services incluant la gestion des contrats et la supervision de l\u2019ensemble des prestataires intervenant dans l\u2019entretien de votre r\u00e9sidence (conciergerie, nettoyage, chauffage, jardinage et autres solutions techniques). Notre \u00e9quipe assure des visites et des inspections r\u00e9guli\u00e8res afin de garantir que votre propri\u00e9t\u00e9 est parfaitement entretenue, fonctionnelle et pr\u00eate \u00e0 vous accueillir.<\/p>\n<p style=\"text-align: center;\" data-path-to-node=\"2\">Peu importe votre provenance ou votre destination, vous b\u00e9n\u00e9ficiez d&rsquo;un acc\u00e8s privil\u00e9gi\u00e9 \u00e0 nos services de relogement et de domiciliation, ainsi qu&rsquo;\u00e0 une assistance en administration de Family Office ou en conseil juridique. Nos partenaires sont mobilis\u00e9s pour vous accompagner \u00e0 chaque \u00e9tape.<\/p>\n<p>[\/vc_column_text][\/vc_column][\/vc_row][vc_row full_width=\u00a0\u00bbstretch_row_content\u00a0\u00bb full_height=\u00a0\u00bbyes\u00a0\u00bb columns_placement=\u00a0\u00bbstretch\u00a0\u00bb parallax=\u00a0\u00bbcontent-moving\u00a0\u00bb parallax_speed_bg=\u00a0\u00bb1.3&Prime; css=\u00a0\u00bb.vc_custom_1769345978741{background-image: url(https:\/\/www.royalcourt.co\/fr\/wp-content\/uploads\/2026\/01\/Interior-house-Geneva.png?id=2055) !important;}\u00a0\u00bb][vc_column][\/vc_column][\/vc_row][vc_row full_width=\u00a0\u00bbstretch_row_content\u00a0\u00bb css=\u00a0\u00bb.vc_custom_1746609314729{background-color: #ddc596 !important;}\u00a0\u00bb][vc_column css=\u00a0\u00bb.vc_custom_1746610322278{background-color: #ddc596 !important;}\u00a0\u00bb][vc_empty_space height=\u00a0\u00bb12px\u00a0\u00bb][vc_custom_heading text=\u00a0\u00bbServices sur mesure exclusives\u00a0\u00bb font_container=\u00a0\u00bbtag:h2|text_align:center\u00a0\u00bb google_fonts=\u00a0\u00bbfont_family:Montserrat%3Aregular%2C700|font_style:400%20regular%3A400%3Anormal\u00a0\u00bb][\/vc_column][\/vc_row][vc_row full_width=\u00a0\u00bbstretch_row\u00a0\u00bb css=\u00a0\u00bb.vc_custom_1746610309248{background-color: #ddc596 !important;}\u00a0\u00bb][vc_column width=\u00a0\u00bb1\/3&Prime;][vc_custom_heading text=\u00a0\u00bbEssentials &#8211; Services de Concierge\u00a0\u00bb font_container=\u00a0\u00bbtag:h2|font_size:12px|text_align:center\u00a0\u00bb google_fonts=\u00a0\u00bbfont_family:Montserrat%3Aregular%2C700|font_style:400%20regular%3A400%3Anormal\u00a0\u00bb][vc_single_image image=\u00a0\u00bb1625&Prime; img_size=\u00a0\u00bb200&#215;200&Prime; alignment=\u00a0\u00bbcenter\u00a0\u00bb style=\u00a0\u00bbvc_box_circle\u00a0\u00bb][vc_column_text]<\/p>\n<p data-path-to-node=\"1\">Nous proposons notre service de conciergerie \u00ab Essentiel \u00bb pour r\u00e9pondre \u00e0 l\u2019ensemble de vos besoins quotidiens \u00e0 Gen\u00e8ve, en Suisse. Nos prestations s&rsquo;\u00e9tendent des t\u00e2ches simples, telles que le service de blanchisserie, jusqu&rsquo;\u00e0 l&rsquo;organisation compl\u00e8te de vos transferts vers et depuis Gen\u00e8ve.<\/p>\n<p data-path-to-node=\"2\">Nous vous invitons \u00e0 nous pr\u00e9ciser la nature des services souhait\u00e9s, ainsi que les dates et horaires de votre choix. Ces informations nous permettront de concevoir une offre sur mesure et de r\u00e9pondre pr\u00e9cis\u00e9ment \u00e0 vos attentes.<\/p>\n<p>[\/vc_column_text][\/vc_column][vc_column width=\u00a0\u00bb1\/3&Prime;][vc_custom_heading text=\u00a0\u00bbSurveillance &amp; S\u00e9curit\u00e9<br \/>\n&#8211;\u00a0\u00bb font_container=\u00a0\u00bbtag:h2|font_size:12px|text_align:center\u00a0\u00bb google_fonts=\u00a0\u00bbfont_family:Montserrat%3Aregular%2C700|font_style:400%20regular%3A400%3Anormal\u00a0\u00bb][vc_single_image image=\u00a0\u00bb1620&Prime; img_size=\u00a0\u00bb200&#215;200&Prime; alignment=\u00a0\u00bbcenter\u00a0\u00bb style=\u00a0\u00bbvc_box_circle\u00a0\u00bb][vc_column_text]Soyez assur\u00e9s de notre engagement \u00e0 trouver des solutions pour une gestion irr\u00e9prochable de l&rsquo;ensemble de vos contrats de s\u00e9curit\u00e9. Des experts dans leur domaine sont en mesure de nous proposer diverses options. Une surveillance 24h\/24 peut \u00eatre mise en place, soit par l&rsquo;intervention d&rsquo;agents de s\u00e9curit\u00e9 qualifi\u00e9s, soit via des syst\u00e8mes de vid\u00e9osurveillance de pointe. En compl\u00e9ment de ces solutions, nous pouvons \u00e9galement int\u00e9grer d&rsquo;autres \u00e9quipements de haute technologie pour parfaire ce service.[\/vc_column_text][\/vc_column][vc_column width=\u00a0\u00bb1\/3&Prime;][vc_custom_heading text=\u00a0\u00bbConcepts &amp; R\u00e9novations<br \/>\n&#8211;\u00a0\u00bb font_container=\u00a0\u00bbtag:h2|font_size:12px|text_align:center\u00a0\u00bb google_fonts=\u00a0\u00bbfont_family:Montserrat%3Aregular%2C700|font_style:400%20regular%3A400%3Anormal\u00a0\u00bb][vc_single_image image=\u00a0\u00bb1621&Prime; img_size=\u00a0\u00bb200&#215;200&Prime; alignment=\u00a0\u00bbcenter\u00a0\u00bb style=\u00a0\u00bbvc_box_circle\u00a0\u00bb][vc_column_text]<\/p>\n<p data-path-to-node=\"1\">Souhaitez-vous transformer l&rsquo;am\u00e9nagement de votre int\u00e9rieur ? Nos partenaires experts dans son domaine, issus de diff\u00e9rents corps de m\u00e9tier, r\u00e9alisent tous types de travaux de r\u00e9novation, de la conception de nouveaux concepts jusqu&rsquo;\u00e0 la d\u00e9coration. Faites-nous part de vos id\u00e9es afin que nous puissions vous proposer des solutions cr\u00e9atives, parfaitement adapt\u00e9es \u00e0 vos besoins.<\/p>\n<p data-path-to-node=\"2\">Suivez notre page Facebook pour rester inform\u00e9 des derni\u00e8res actualit\u00e9s en mati\u00e8re de d\u00e9coration et de design.<\/p>\n<p>[\/vc_column_text][\/vc_column][\/vc_row][vc_row full_width=\u00a0\u00bbstretch_row\u00a0\u00bb css=\u00a0\u00bb.vc_custom_1746730281115{padding-top: 13px !important;background-color: #d6cdb6 !important;}\u00a0\u00bb][vc_column][vc_cta h2=\u00a0\u00bbMettez-nous \u00e0 l&rsquo;\u00e9preuve pendant une p\u00e9riode de 3 mois, sans contrat et sans engagement !\u00a0\u00bb txt_align=\u00a0\u00bbcenter\u00a0\u00bb][\/vc_cta][vc_column_text]<a href=\"tel:0041793244103\"><img loading=\"lazy\" decoding=\"async\" class=\"alignnone wp-image-1495\" title=\"APPELLEZ-NOUS OU CONTACTEZ-NOUS PAR WHATSAPP\" src=\"https:\/\/www.royalcourt.co\/wp-content\/uploads\/2021\/03\/phone-300x253.png\" alt=\"\" width=\"34\" height=\"29\" \/><\/a> \u00a0<a href=\"mailto:info@www.royalcourt.co\">\u00a0<\/a><a href=\"mailto:info@www.royalcourt.co\"><img loading=\"lazy\" decoding=\"async\" class=\"alignnone wp-image-1494\" title=\"CONTACTEZ-NOUS PAR EMAIL\" src=\"https:\/\/www.royalcourt.co\/wp-content\/uploads\/2021\/03\/mail-e1615063631604-300x222.png\" alt=\"\" width=\"36\" height=\"27\" \/><\/a> \u00a0<a href=\"https:\/\/www.facebook.com\/pages\/category\/In-Home-Service\/Royal-Court-Property-Care-Luxury-Concierge-140933876576718\/\"><img loading=\"lazy\" decoding=\"async\" class=\"alignnone wp-image-1488\" title=\"VISITEZ-NOUS SUR FACEBOOK\" src=\"https:\/\/www.royalcourt.co\/wp-content\/uploads\/2021\/02\/Facebook-logo-f-e1615063483918-300x296.png\" alt=\"Royal Court - Swiss Private Property Management on Facebook\" width=\"28\" height=\"28\" \/><\/a>[\/vc_column_text][vc_custom_heading text=\u00a0\u00bbServices de gestion immobili\u00e8re \u00e0 Gen\u00e8ve, Entretien immobilier \u00e0 Gen\u00e8ve, Gestion immobili\u00e8re \u00e0 Gen\u00e8ve, Gestion des installations \u00e0 Gen\u00e8ve, Gestion immobili\u00e8re r\u00e9sidentielle \u00e0 Gen\u00e8ve, Concierge de luxe \u00e0 Gen\u00e8ve.\u00a0\u00bb font_container=\u00a0\u00bbtag:h3|font_size:1px|text_align:left|color:%23d6cdb6|line_height:1px\u00a0\u00bb][\/vc_column][\/vc_row]<\/p>\n","protected":false},"excerpt":{"rendered":"<p>[vc_row full_width=\u00a0\u00bbstretch_row_content\u00a0\u00bb css=\u00a0\u00bb.vc_custom_1746729769637{background-color: #000000 !important;}\u00a0\u00bb][vc_column][\/vc_column][\/vc_row][vc_row full_width=\u00a0\u00bbstretch_row_content\u00a0\u00bb full_height=\u00a0\u00bbyes\u00a0\u00bb columns_placement=\u00a0\u00bbbottom\u00a0\u00bb equal_height=\u00a0\u00bbyes\u00a0\u00bb content_placement=\u00a0\u00bbbottom\u00a0\u00bb video_bg=\u00a0\u00bbyes\u00a0\u00bb video_bg_url=\u00a0\u00bbhttps:\/\/www.youtube.com\/watch?v=cijMONnYnBc\u00a0\u00bb css=\u00a0\u00bb.vc_custom_1746693478834{padding-right: 20px !important;padding-bottom: 10px !important;}\u00a0\u00bb][vc_column][vc_row_inner equal_height=\u00a0\u00bbyes\u00a0\u00bb][vc_column_inner width=\u00a0\u00bb1\/2&Prime;][\/vc_column_inner][vc_column_inner width=\u00a0\u00bb1\/2&Prime; css=\u00a0\u00bb.vc_custom_1436535211249{padding: 25px !important;background-color: rgba(10,0,0,0.5) !important;*background-color: rgb(10,0,0,0.5) !important;}\u00a0\u00bb][vc_custom_heading text=\u00a0\u00bbVotre gestionnaire et gardien de maisons \u00e0 Gen\u00e8ve!\u00a0\u00bb font_container=\u00a0\u00bbtag:h1|font_size:14px|text_align:left|color:%23ffffff\u00a0\u00bb use_theme_fonts=\u00a0\u00bbyes\u00a0\u00bb css=\u00a0\u00bb.vc_custom_1769344080807{margin-top: 0px !important;}\u00a0\u00bb][vc_column_text] Faisant preuve d\u2019une discr\u00e9tion absolue, nous offrons aux particuliers \u00e0 tr\u00e8s haut patrimoine (U)HNWI des [&hellip;]<\/p>\n","protected":false},"author":1,"featured_media":1489,"parent":0,"menu_order":0,"comment_status":"closed","ping_status":"closed","template":"","meta":{"footnotes":""},"class_list":["post-957","page","type-page","status-publish","has-post-thumbnail","hentry"],"yoast_head":"<!-- This site is optimized with the Yoast SEO plugin v26.0 - https:\/\/yoast.com\/wordpress\/plugins\/seo\/ -->\n<title>G\u00e9rance immobili\u00e8re priv\u00e9e \u00e0 Gen\u00e8ve - Royal Court<\/title>\n<meta name=\"description\" content=\"G\u00e9rance et gestion de maisons priv\u00e9es de luxe \u00e0 Gen\u00e8ve. Services sur mesure.\" \/>\n<meta name=\"robots\" content=\"index, follow, max-snippet:-1, max-image-preview:large, max-video-preview:-1\" \/>\n<link rel=\"canonical\" href=\"https:\/\/www.royalcourt.co\/fr\/gerancedeproprietesgeneve\/\" \/>\n<meta property=\"og:locale\" content=\"fr_FR\" \/>\n<meta property=\"og:type\" content=\"article\" \/>\n<meta property=\"og:title\" content=\"G\u00e9rance immobili\u00e8re priv\u00e9e \u00e0 Gen\u00e8ve - Royal Court\" \/>\n<meta property=\"og:description\" content=\"G\u00e9rance et gestion de maisons priv\u00e9es de luxe \u00e0 Gen\u00e8ve. Services sur mesure.\" \/>\n<meta property=\"og:url\" content=\"https:\/\/www.royalcourt.co\/fr\/gerancedeproprietesgeneve\/\" \/>\n<meta property=\"og:site_name\" content=\"Royal Court\" \/>\n<meta property=\"article:publisher\" content=\"https:\/\/www.facebook.com\/pages\/category\/In-Home-Service\/Royal-Court-Private-Properties-Management-140933876576718\/\" \/>\n<meta property=\"article:modified_time\" content=\"2026-01-25T13:23:07+00:00\" \/>\n<meta property=\"og:image\" content=\"https:\/\/www.royalcourt.co\/fr\/wp-content\/uploads\/2021\/03\/001-Back-Exterior.jpg\" \/>\n\t<meta property=\"og:image:width\" content=\"1024\" \/>\n\t<meta property=\"og:image:height\" content=\"683\" \/>\n\t<meta property=\"og:image:type\" content=\"image\/jpeg\" \/>\n<meta name=\"twitter:card\" content=\"summary_large_image\" \/>\n<meta name=\"twitter:label1\" content=\"Dur\u00e9e de lecture estim\u00e9e\" \/>\n\t<meta name=\"twitter:data1\" content=\"4 minutes\" \/>\n<script type=\"application\/ld+json\" class=\"yoast-schema-graph\">{\"@context\":\"https:\/\/schema.org\",\"@graph\":[{\"@type\":\"WebPage\",\"@id\":\"https:\/\/www.royalcourt.co\/fr\/gerancedeproprietesgeneve\/\",\"url\":\"https:\/\/www.royalcourt.co\/fr\/gerancedeproprietesgeneve\/\",\"name\":\"G\u00e9rance immobili\u00e8re priv\u00e9e \u00e0 Gen\u00e8ve - Royal Court\",\"isPartOf\":{\"@id\":\"https:\/\/www.royalcourt.co\/fr\/#website\"},\"primaryImageOfPage\":{\"@id\":\"https:\/\/www.royalcourt.co\/fr\/gerancedeproprietesgeneve\/#primaryimage\"},\"image\":{\"@id\":\"https:\/\/www.royalcourt.co\/fr\/gerancedeproprietesgeneve\/#primaryimage\"},\"thumbnailUrl\":\"https:\/\/www.royalcourt.co\/fr\/wp-content\/uploads\/2021\/03\/001-Back-Exterior.jpg\",\"datePublished\":\"2018-11-09T13:10:56+00:00\",\"dateModified\":\"2026-01-25T13:23:07+00:00\",\"description\":\"G\u00e9rance et gestion de maisons priv\u00e9es de luxe \u00e0 Gen\u00e8ve. Services sur mesure.\",\"breadcrumb\":{\"@id\":\"https:\/\/www.royalcourt.co\/fr\/gerancedeproprietesgeneve\/#breadcrumb\"},\"inLanguage\":\"fr-FR\",\"potentialAction\":[{\"@type\":\"ReadAction\",\"target\":[\"https:\/\/www.royalcourt.co\/fr\/gerancedeproprietesgeneve\/\"]}]},{\"@type\":\"ImageObject\",\"inLanguage\":\"fr-FR\",\"@id\":\"https:\/\/www.royalcourt.co\/fr\/gerancedeproprietesgeneve\/#primaryimage\",\"url\":\"https:\/\/www.royalcourt.co\/fr\/wp-content\/uploads\/2021\/03\/001-Back-Exterior.jpg\",\"contentUrl\":\"https:\/\/www.royalcourt.co\/fr\/wp-content\/uploads\/2021\/03\/001-Back-Exterior.jpg\",\"width\":1024,\"height\":683,\"caption\":\"Chalets et maisons de prestige en Suisse. Gen\u00e8ve, Lausanne, Montreux, Verbier, Gstaad\"},{\"@type\":\"BreadcrumbList\",\"@id\":\"https:\/\/www.royalcourt.co\/fr\/gerancedeproprietesgeneve\/#breadcrumb\",\"itemListElement\":[{\"@type\":\"ListItem\",\"position\":1,\"name\":\"Home\",\"item\":\"https:\/\/www.royalcourt.co\/fr\/\"},{\"@type\":\"ListItem\",\"position\":2,\"name\":\"G\u00e9rance immobili\u00e8re priv\u00e9e \u00e0 Gen\u00e8ve\"}]},{\"@type\":\"WebSite\",\"@id\":\"https:\/\/www.royalcourt.co\/fr\/#website\",\"url\":\"https:\/\/www.royalcourt.co\/fr\/\",\"name\":\"Royal Court\",\"description\":\"Gestion et gardiennage de propri&eacute;t&eacute;s priv&eacute;s. Facility Management\",\"potentialAction\":[{\"@type\":\"SearchAction\",\"target\":{\"@type\":\"EntryPoint\",\"urlTemplate\":\"https:\/\/www.royalcourt.co\/fr\/?s={search_term_string}\"},\"query-input\":{\"@type\":\"PropertyValueSpecification\",\"valueRequired\":true,\"valueName\":\"search_term_string\"}}],\"inLanguage\":\"fr-FR\"}]}<\/script>\n<!-- \/ Yoast SEO plugin. -->","yoast_head_json":{"title":"G\u00e9rance immobili\u00e8re priv\u00e9e \u00e0 Gen\u00e8ve - Royal Court","description":"G\u00e9rance et gestion de maisons priv\u00e9es de luxe \u00e0 Gen\u00e8ve. Services sur mesure.","robots":{"index":"index","follow":"follow","max-snippet":"max-snippet:-1","max-image-preview":"max-image-preview:large","max-video-preview":"max-video-preview:-1"},"canonical":"https:\/\/www.royalcourt.co\/fr\/gerancedeproprietesgeneve\/","og_locale":"fr_FR","og_type":"article","og_title":"G\u00e9rance immobili\u00e8re priv\u00e9e \u00e0 Gen\u00e8ve - Royal Court","og_description":"G\u00e9rance et gestion de maisons priv\u00e9es de luxe \u00e0 Gen\u00e8ve. Services sur mesure.","og_url":"https:\/\/www.royalcourt.co\/fr\/gerancedeproprietesgeneve\/","og_site_name":"Royal Court","article_publisher":"https:\/\/www.facebook.com\/pages\/category\/In-Home-Service\/Royal-Court-Private-Properties-Management-140933876576718\/","article_modified_time":"2026-01-25T13:23:07+00:00","og_image":[{"width":1024,"height":683,"url":"https:\/\/www.royalcourt.co\/fr\/wp-content\/uploads\/2021\/03\/001-Back-Exterior.jpg","type":"image\/jpeg"}],"twitter_card":"summary_large_image","twitter_misc":{"Dur\u00e9e de lecture estim\u00e9e":"4 minutes"},"schema":{"@context":"https:\/\/schema.org","@graph":[{"@type":"WebPage","@id":"https:\/\/www.royalcourt.co\/fr\/gerancedeproprietesgeneve\/","url":"https:\/\/www.royalcourt.co\/fr\/gerancedeproprietesgeneve\/","name":"G\u00e9rance immobili\u00e8re priv\u00e9e \u00e0 Gen\u00e8ve - Royal Court","isPartOf":{"@id":"https:\/\/www.royalcourt.co\/fr\/#website"},"primaryImageOfPage":{"@id":"https:\/\/www.royalcourt.co\/fr\/gerancedeproprietesgeneve\/#primaryimage"},"image":{"@id":"https:\/\/www.royalcourt.co\/fr\/gerancedeproprietesgeneve\/#primaryimage"},"thumbnailUrl":"https:\/\/www.royalcourt.co\/fr\/wp-content\/uploads\/2021\/03\/001-Back-Exterior.jpg","datePublished":"2018-11-09T13:10:56+00:00","dateModified":"2026-01-25T13:23:07+00:00","description":"G\u00e9rance et gestion de maisons priv\u00e9es de luxe \u00e0 Gen\u00e8ve. Services sur mesure.","breadcrumb":{"@id":"https:\/\/www.royalcourt.co\/fr\/gerancedeproprietesgeneve\/#breadcrumb"},"inLanguage":"fr-FR","potentialAction":[{"@type":"ReadAction","target":["https:\/\/www.royalcourt.co\/fr\/gerancedeproprietesgeneve\/"]}]},{"@type":"ImageObject","inLanguage":"fr-FR","@id":"https:\/\/www.royalcourt.co\/fr\/gerancedeproprietesgeneve\/#primaryimage","url":"https:\/\/www.royalcourt.co\/fr\/wp-content\/uploads\/2021\/03\/001-Back-Exterior.jpg","contentUrl":"https:\/\/www.royalcourt.co\/fr\/wp-content\/uploads\/2021\/03\/001-Back-Exterior.jpg","width":1024,"height":683,"caption":"Chalets et maisons de prestige en Suisse. Gen\u00e8ve, Lausanne, Montreux, Verbier, Gstaad"},{"@type":"BreadcrumbList","@id":"https:\/\/www.royalcourt.co\/fr\/gerancedeproprietesgeneve\/#breadcrumb","itemListElement":[{"@type":"ListItem","position":1,"name":"Home","item":"https:\/\/www.royalcourt.co\/fr\/"},{"@type":"ListItem","position":2,"name":"G\u00e9rance immobili\u00e8re priv\u00e9e \u00e0 Gen\u00e8ve"}]},{"@type":"WebSite","@id":"https:\/\/www.royalcourt.co\/fr\/#website","url":"https:\/\/www.royalcourt.co\/fr\/","name":"Royal Court","description":"Gestion et gardiennage de propri&eacute;t&eacute;s priv&eacute;s. Facility Management","potentialAction":[{"@type":"SearchAction","target":{"@type":"EntryPoint","urlTemplate":"https:\/\/www.royalcourt.co\/fr\/?s={search_term_string}"},"query-input":{"@type":"PropertyValueSpecification","valueRequired":true,"valueName":"search_term_string"}}],"inLanguage":"fr-FR"}]}},"_links":{"self":[{"href":"https:\/\/www.royalcourt.co\/fr\/wp-json\/wp\/v2\/pages\/957","targetHints":{"allow":["GET"]}}],"collection":[{"href":"https:\/\/www.royalcourt.co\/fr\/wp-json\/wp\/v2\/pages"}],"about":[{"href":"https:\/\/www.royalcourt.co\/fr\/wp-json\/wp\/v2\/types\/page"}],"author":[{"embeddable":true,"href":"https:\/\/www.royalcourt.co\/fr\/wp-json\/wp\/v2\/users\/1"}],"replies":[{"embeddable":true,"href":"https:\/\/www.royalcourt.co\/fr\/wp-json\/wp\/v2\/comments?post=957"}],"version-history":[{"count":26,"href":"https:\/\/www.royalcourt.co\/fr\/wp-json\/wp\/v2\/pages\/957\/revisions"}],"predecessor-version":[{"id":2060,"href":"https:\/\/www.royalcourt.co\/fr\/wp-json\/wp\/v2\/pages\/957\/revisions\/2060"}],"wp:featuredmedia":[{"embeddable":true,"href":"https:\/\/www.royalcourt.co\/fr\/wp-json\/wp\/v2\/media\/1489"}],"wp:attachment":[{"href":"https:\/\/www.royalcourt.co\/fr\/wp-json\/wp\/v2\/media?parent=957"}],"curies":[{"name":"wp","href":"https:\/\/api.w.org\/{rel}","templated":true}]}}