{"id":967,"date":"2018-11-09T14:28:22","date_gmt":"2018-11-09T13:28:22","guid":{"rendered":"https:\/\/www.royalcourt.co\/fr\/conciergerie-de-luxe-gstaad-2\/"},"modified":"2026-01-25T12:51:27","modified_gmt":"2026-01-25T11:51:27","slug":"geranceproprietesgstaad","status":"publish","type":"page","link":"https:\/\/www.royalcourt.co\/fr\/geranceproprietesgstaad\/","title":{"rendered":"G\u00e9rance immobili\u00e8re &#038; conciergerie \u00e0 Gstaad, Saanen, Rougemont, Chateau d-Oex"},"content":{"rendered":"<p>[vc_row full_width=\u00a0\u00bbstretch_row_content\u00a0\u00bb css=\u00a0\u00bb.vc_custom_1746729769637{background-color: #000000 !important;}\u00a0\u00bb][vc_column][\/vc_column][\/vc_row][vc_row full_width=\u00a0\u00bbstretch_row_content\u00a0\u00bb full_height=\u00a0\u00bbyes\u00a0\u00bb columns_placement=\u00a0\u00bbbottom\u00a0\u00bb equal_height=\u00a0\u00bbyes\u00a0\u00bb content_placement=\u00a0\u00bbbottom\u00a0\u00bb video_bg=\u00a0\u00bbyes\u00a0\u00bb video_bg_url=\u00a0\u00bbhttps:\/\/www.youtube.com\/watch?v=cijMONnYnBc\u00a0\u00bb css=\u00a0\u00bb.vc_custom_1746693478834{padding-right: 20px !important;padding-bottom: 10px !important;}\u00a0\u00bb][vc_column][vc_row_inner equal_height=\u00a0\u00bbyes\u00a0\u00bb][vc_column_inner width=\u00a0\u00bb1\/2&Prime;][\/vc_column_inner][vc_column_inner width=\u00a0\u00bb1\/2&Prime; css=\u00a0\u00bb.vc_custom_1436535211249{padding: 25px !important;background-color: rgba(10,0,0,0.5) !important;*background-color: rgb(10,0,0,0.5) !important;}\u00a0\u00bb][vc_custom_heading text=\u00a0\u00bbVotre gestionnaire et gardien de chalets \u00e0 Gstaad!\u00a0\u00bb font_container=\u00a0\u00bbtag:h1|font_size:16|text_align:left|color:%23ffffff\u00a0\u00bb use_theme_fonts=\u00a0\u00bbyes\u00a0\u00bb css=\u00a0\u00bb.vc_custom_1769341833339{margin-top: 0px !important;}\u00a0\u00bb][vc_column_text]<span style=\"color: #ffffff;\">Toujours dans une discr\u00e9tion maximale, nous proposons des services de gestion immobili\u00e8re de haute qualit\u00e9 et des services sur mesure aux particuliers fortun\u00e9s.<\/span><\/p>\n<p><span style=\"color: #ffffff;\">Gr\u00e2ce \u00e0 notre r\u00e9seau, Royal Court propose une gamme compl\u00e8te de services exclusifs, qu&rsquo;aucune autre entreprise ne propose dans la r\u00e9gion.<\/span>[\/vc_column_text][vc_btn title=\u00a0\u00bbSavoir plus&#8230;\u00a0\u00bb style=\u00a0\u00bboutline\u00a0\u00bb shape=\u00a0\u00bbsquare\u00a0\u00bb color=\u00a0\u00bbwhite\u00a0\u00bb link=\u00a0\u00bburl:https%3A%2F%2Fwww.royalcourt.co%2Ffr%2Fa-propos%2F||target:%20_blank|\u00a0\u00bb][\/vc_column_inner][\/vc_row_inner][\/vc_column][\/vc_row][vc_row full_width=\u00a0\u00bbstretch_row\u00a0\u00bb css=\u00a0\u00bb.vc_custom_1746643531090{padding-bottom: 10px !important;background-color: #ddc596 !important;}\u00a0\u00bb][vc_column][vc_empty_space height=\u00a0\u00bb14px\u00a0\u00bb css=\u00a0\u00bb.vc_custom_1746610342190{background-color: #ddc596 !important;}\u00a0\u00bb][vc_column_text]<a href=\"https:\/\/royalcourt.co\/gstaadpropertymanagement\">English version<\/a>[\/vc_column_text][vc_custom_heading text=\u00a0\u00bbG\u00e9rance immobili\u00e8re &amp; Administration\u00a0\u00bb font_container=\u00a0\u00bbtag:h2|text_align:center\u00a0\u00bb google_fonts=\u00a0\u00bbfont_family:Montserrat%3Aregular%2C700|font_style:400%20regular%3A400%3Anormal\u00a0\u00bb][vc_column_text]Notre entreprise propose une gamme compl\u00e8te de services, incluant la gestion des contrats et la supervision de tous les prestataires impliqu\u00e9s dans l&rsquo;entretien de votre maison. Cela inclut les services de conciergerie, de m\u00e9nage, de chauffage, de jardinage, entre autres solutions techniques. Notre \u00e9quipe effectue des visites et des inspections r\u00e9guli\u00e8res pour s&rsquo;assurer que votre maison est toujours en bon \u00e9tat, que tout est en place et pr\u00eate \u00e0 vous accueillir.<\/p>\n<p style=\"text-align: center;\">D&rsquo;o\u00f9 que vous veniez et o\u00f9 que vous alliez, vous avez acc\u00e8s \u00e0 des services de d\u00e9m\u00e9nagement et de domiciliation, \u00e0 des services d&rsquo;administration de family office ou \u00e0 des avocats. Nos partenaires sont l\u00e0 pour vous accompagner.<\/p>\n<p>[\/vc_column_text][\/vc_column][\/vc_row][vc_row full_width=\u00a0\u00bbstretch_row_content\u00a0\u00bb full_height=\u00a0\u00bbyes\u00a0\u00bb columns_placement=\u00a0\u00bbstretch\u00a0\u00bb parallax=\u00a0\u00bbcontent-moving\u00a0\u00bb parallax_speed_bg=\u00a0\u00bb1.3&Prime; css=\u00a0\u00bb.vc_custom_1746642284564{background-image: url(https:\/\/royalcourt.co\/wp-content\/uploads\/2025\/05\/1746638780544.jpg?id=2032) !important;}\u00a0\u00bb][vc_column][\/vc_column][\/vc_row][vc_row full_width=\u00a0\u00bbstretch_row_content\u00a0\u00bb css=\u00a0\u00bb.vc_custom_1746609314729{background-color: #ddc596 !important;}\u00a0\u00bb][vc_column css=\u00a0\u00bb.vc_custom_1746610322278{background-color: #ddc596 !important;}\u00a0\u00bb][vc_empty_space height=\u00a0\u00bb12px\u00a0\u00bb][vc_custom_heading text=\u00a0\u00bbServices sur mesure exclusifs\u00a0\u00bb font_container=\u00a0\u00bbtag:h2|text_align:center\u00a0\u00bb google_fonts=\u00a0\u00bbfont_family:Montserrat%3Aregular%2C700|font_style:400%20regular%3A400%3Anormal\u00a0\u00bb][\/vc_column][\/vc_row][vc_row full_width=\u00a0\u00bbstretch_row\u00a0\u00bb css=\u00a0\u00bb.vc_custom_1746610309248{background-color: #ddc596 !important;}\u00a0\u00bb][vc_column width=\u00a0\u00bb1\/3&Prime;][vc_custom_heading text=\u00a0\u00bbEssentials &#8211; Services de Conciergerie\u00a0\u00bb font_container=\u00a0\u00bbtag:h4|text_align:center\u00a0\u00bb google_fonts=\u00a0\u00bbfont_family:Montserrat%3Aregular%2C700|font_style:400%20regular%3A400%3Anormal\u00a0\u00bb][vc_single_image image=\u00a0\u00bb1625&Prime; img_size=\u00a0\u00bb200&#215;200&Prime; alignment=\u00a0\u00bbcenter\u00a0\u00bb style=\u00a0\u00bbvc_box_circle\u00a0\u00bb][vc_column_text]Nous offrons notre service de conciergerie essentiel pour r\u00e9pondre \u00e0 tous vos besoins quotidiens \u00e0 Gstaad, en Suisse. Nos services vont de t\u00e2ches simples comme le service de blanchisserie \u00e0 l&rsquo;organisation compl\u00e8te de votre transport vers et depuis Gstaad. Veuillez fournir des d\u00e9tails suppl\u00e9mentaires sur les services sp\u00e9cifiques dont vous avez besoin, ainsi que sur les dates et les heures que vous souhaitez que ces services soient fournis. Cela nous aidera \u00e0 adapter une offre personnalis\u00e9e et \u00e0 r\u00e9pondre avec pr\u00e9cision \u00e0 vos demandes.[\/vc_column_text][\/vc_column][vc_column width=\u00a0\u00bb1\/3&Prime;][vc_custom_heading text=\u00a0\u00bbSurveillance &amp; Securit\u00e9<br \/>\n&#8211;\u00a0\u00bb font_container=\u00a0\u00bbtag:h4|text_align:center\u00a0\u00bb google_fonts=\u00a0\u00bbfont_family:Montserrat%3Aregular%2C700|font_style:400%20regular%3A400%3Anormal\u00a0\u00bb][vc_single_image image=\u00a0\u00bb1620&Prime; img_size=\u00a0\u00bb200&#215;200&Prime; alignment=\u00a0\u00bbcenter\u00a0\u00bb style=\u00a0\u00bbvc_box_circle\u00a0\u00bb][vc_column_text]Rassurez-vous, nous nous engageons \u00e0 trouver des solutions pour une gestion sans faille de tous les contrats li\u00e9s \u00e0 la s\u00e9curit\u00e9. Les experts de leur domaine peuvent nous offrir une gamme d&rsquo;options. Une surveillance 24h \/ 24 peut \u00eatre mise en \u0153uvre soit par un agent de s\u00e9curit\u00e9 qualifi\u00e9, soit avec des cam\u00e9ras de surveillance avanc\u00e9es. En plus de ces options, nous pouvons \u00e9galement int\u00e9grer d&rsquo;autres \u00e9quipements de haute technologie pour compl\u00e9ter le service.[\/vc_column_text][\/vc_column][vc_column width=\u00a0\u00bb1\/3&Prime;][vc_custom_heading text=\u00a0\u00bbConcepts &amp; R\u00e9novations<br \/>\n&#8211;\u00a0\u00bb font_container=\u00a0\u00bbtag:h4|text_align:center\u00a0\u00bb google_fonts=\u00a0\u00bbfont_family:Montserrat%3Aregular%2C700|font_style:400%20regular%3A400%3Anormal\u00a0\u00bb][vc_single_image image=\u00a0\u00bb1621&Prime; img_size=\u00a0\u00bb200&#215;200&Prime; alignment=\u00a0\u00bbcenter\u00a0\u00bb style=\u00a0\u00bbvc_box_circle\u00a0\u00bb][vc_column_text]Envie de relooker votre maison ? Nos partenaires qualifi\u00e9s, aux m\u00e9tiers vari\u00e9s, r\u00e9alisent tous types de travaux de r\u00e9novation, de la cr\u00e9ation de concepts \u00ab alpins \u00bb \u00e0 la d\u00e9coration. Partagez vos id\u00e9es et nous vous proposerons des solutions cr\u00e9atives et adapt\u00e9es \u00e0 vos besoins.<\/p>\n<p>Suivez notre page Facebook pour rester inform\u00e9(e) des actualit\u00e9s d\u00e9co et concepts.[\/vc_column_text][\/vc_column][\/vc_row][vc_row full_width=\u00a0\u00bbstretch_row\u00a0\u00bb css=\u00a0\u00bb.vc_custom_1746730281115{padding-top: 13px !important;background-color: #d6cdb6 !important;}\u00a0\u00bb][vc_column][vc_cta h2=\u00a0\u00bbTestez-nous pendant 3 mois sans contrat et sans compromis !\u00a0\u00bb txt_align=\u00a0\u00bbcenter\u00a0\u00bb]I am promo text. Click edit button to change this text. Lorem ipsum dolor sit amet, consectetur adipiscing elit. Ut elit tellus, luctus nec ullamcorper mattis, pulvinar dapibus leo.[\/vc_cta][vc_column_text]<a href=\"tel:0041793244103\"><img loading=\"lazy\" decoding=\"async\" class=\"alignnone wp-image-1495\" title=\"Nous contacter\" src=\"https:\/\/royalcourt.co\/wp-content\/uploads\/2021\/03\/phone-300x253.png\" alt=\"\" width=\"34\" height=\"29\" \/><\/a> \u00a0<a href=\"mailto:info@www.royalcourt.co\">\u00a0<\/a><a href=\"mailto:info@www.royalcourt.co\"><img loading=\"lazy\" decoding=\"async\" class=\"alignnone wp-image-1494\" title=\"Nous contacter par e-mail\" src=\"https:\/\/royalcourt.co\/wp-content\/uploads\/2021\/03\/mail-e1615063631604-300x222.png\" alt=\"\" width=\"36\" height=\"27\" \/><\/a> \u00a0<a href=\"https:\/\/www.facebook.com\/pages\/category\/In-Home-Service\/Royal-Court-Property-Care-Luxury-Concierge-140933876576718\/\"><img loading=\"lazy\" decoding=\"async\" class=\"alignnone wp-image-1488\" title=\"Visitez notre page\" src=\"https:\/\/royalcourt.co\/wp-content\/uploads\/2021\/02\/Facebook-logo-f-e1615063483918-300x296.png\" alt=\"Royal Court - Swiss Private Property Management on Facebook\" width=\"28\" height=\"28\" \/><\/a>[\/vc_column_text][vc_custom_heading text=\u00a0\u00bbGestion de propri\u00e9t\u00e9s priv\u00e9es \u00e0 Gstaad, Maintenance de propri\u00e9t\u00e9s \u00e0 Gstaad, G\u00e9rance immobili\u00e8re \u00e0 Gstaad, Facility management \u00e0 Gstaad, Conciergerie de luxe \u00e0 Gstaad, G\u00e9rance de r\u00e9sidences secondaires \u00e0 Gstaad. Services de relocation et domiciliation \u00e0 Gstaad.\u00a0\u00bb font_container=\u00a0\u00bbtag:h1|font_size:1px|text_align:left|color:%23d6cdb6|line_height:1&Prime;][\/vc_column][\/vc_row][vc_row][vc_column][vc_column_text]<\/p>\n<p style=\"text-align: center;\">To know more about Gstaad, follow these links below.<\/p>\n<p style=\"text-align: center;\"><a href=\"https:\/\/www.gstaad.ch\/en.html\" target=\"_blank\" rel=\"noopener noreferrer\"><img loading=\"lazy\" decoding=\"async\" class=\"size-medium wp-image-1379 aligncenter\" src=\"https:\/\/royalcourt.co\/wp-content\/uploads\/2020\/10\/Gstaad_600_01-300x97.jpg\" alt=\"Gstaad property management, bespoke\" width=\"300\" height=\"97\" \/><\/a><\/p>\n<p style=\"text-align: center;\"><span style=\"color: #000000;\"><a style=\"color: #000000;\" href=\"https:\/\/www.onthesnow.co.uk\/bernese-oberland\/gstaad-mountain-rides\/ski-resort.html\" target=\"_blank\" rel=\"noopener noreferrer\">Gstaad Ski Resort &#8211; Gstaad Snow Report &amp; Ski Lift Passes<\/a><\/span><\/p>\n<p>[\/vc_column_text][\/vc_column][\/vc_row]<\/p>\n","protected":false},"excerpt":{"rendered":"<p>[vc_row full_width=\u00a0\u00bbstretch_row_content\u00a0\u00bb css=\u00a0\u00bb.vc_custom_1746729769637{background-color: #000000 !important;}\u00a0\u00bb][vc_column][\/vc_column][\/vc_row][vc_row full_width=\u00a0\u00bbstretch_row_content\u00a0\u00bb full_height=\u00a0\u00bbyes\u00a0\u00bb columns_placement=\u00a0\u00bbbottom\u00a0\u00bb equal_height=\u00a0\u00bbyes\u00a0\u00bb content_placement=\u00a0\u00bbbottom\u00a0\u00bb video_bg=\u00a0\u00bbyes\u00a0\u00bb video_bg_url=\u00a0\u00bbhttps:\/\/www.youtube.com\/watch?v=cijMONnYnBc\u00a0\u00bb css=\u00a0\u00bb.vc_custom_1746693478834{padding-right: 20px !important;padding-bottom: 10px !important;}\u00a0\u00bb][vc_column][vc_row_inner equal_height=\u00a0\u00bbyes\u00a0\u00bb][vc_column_inner width=\u00a0\u00bb1\/2&Prime;][\/vc_column_inner][vc_column_inner width=\u00a0\u00bb1\/2&Prime; css=\u00a0\u00bb.vc_custom_1436535211249{padding: 25px !important;background-color: rgba(10,0,0,0.5) !important;*background-color: rgb(10,0,0,0.5) !important;}\u00a0\u00bb][vc_custom_heading text=\u00a0\u00bbVotre gestionnaire et gardien de chalets \u00e0 Gstaad!\u00a0\u00bb font_container=\u00a0\u00bbtag:h1|font_size:16|text_align:left|color:%23ffffff\u00a0\u00bb use_theme_fonts=\u00a0\u00bbyes\u00a0\u00bb css=\u00a0\u00bb.vc_custom_1769341833339{margin-top: 0px !important;}\u00a0\u00bb][vc_column_text]Toujours dans une discr\u00e9tion maximale, nous proposons des services de gestion immobili\u00e8re de haute qualit\u00e9 et [&hellip;]<\/p>\n","protected":false},"author":1,"featured_media":1485,"parent":0,"menu_order":0,"comment_status":"closed","ping_status":"closed","template":"","meta":{"footnotes":""},"class_list":["post-967","page","type-page","status-publish","has-post-thumbnail","hentry"],"yoast_head":"<!-- This site is optimized with the Yoast SEO plugin v26.0 - https:\/\/yoast.com\/wordpress\/plugins\/seo\/ -->\n<title>G\u00e9rance immobili\u00e8re &amp; conciergerie \u00e0 Gstaad, Saanen, Rougemont, Chateau d-Oex - Royal Court<\/title>\n<meta name=\"description\" content=\"G\u00e9rance immobili\u00e8re d\u00e9di\u00e9e pour les propri\u00e9t\u00e9s priv\u00e9es \u00e0 Saannenland, Gstaad, Rougement, Ch\u00e2teau-d&#039;Oex. Services sur mesure.\" \/>\n<meta name=\"robots\" content=\"index, follow, max-snippet:-1, max-image-preview:large, max-video-preview:-1\" \/>\n<link rel=\"canonical\" href=\"https:\/\/www.royalcourt.co\/fr\/geranceproprietesgstaad\/\" \/>\n<meta property=\"og:locale\" content=\"fr_FR\" \/>\n<meta property=\"og:type\" content=\"article\" \/>\n<meta property=\"og:title\" content=\"G\u00e9rance immobili\u00e8re &amp; conciergerie \u00e0 Gstaad, Saanen, Rougemont, Chateau d-Oex - Royal Court\" \/>\n<meta property=\"og:description\" content=\"G\u00e9rance immobili\u00e8re d\u00e9di\u00e9e pour les propri\u00e9t\u00e9s priv\u00e9es \u00e0 Saannenland, Gstaad, Rougement, Ch\u00e2teau-d&#039;Oex. Services sur mesure.\" \/>\n<meta property=\"og:url\" content=\"https:\/\/www.royalcourt.co\/fr\/geranceproprietesgstaad\/\" \/>\n<meta property=\"og:site_name\" content=\"Royal Court\" \/>\n<meta property=\"article:publisher\" content=\"https:\/\/www.facebook.com\/pages\/category\/In-Home-Service\/Royal-Court-Private-Properties-Management-140933876576718\/\" \/>\n<meta property=\"article:modified_time\" content=\"2026-01-25T11:51:27+00:00\" \/>\n<meta property=\"og:image\" content=\"https:\/\/www.royalcourt.co\/fr\/wp-content\/uploads\/2021\/03\/217bd8df72ef2fdae8cbcaf08aa3d6d6.jpg\" \/>\n\t<meta property=\"og:image:width\" content=\"1200\" \/>\n\t<meta property=\"og:image:height\" content=\"900\" \/>\n\t<meta property=\"og:image:type\" content=\"image\/jpeg\" \/>\n<meta name=\"twitter:card\" content=\"summary_large_image\" \/>\n<meta name=\"twitter:label1\" content=\"Dur\u00e9e de lecture estim\u00e9e\" \/>\n\t<meta name=\"twitter:data1\" content=\"5 minutes\" \/>\n<script type=\"application\/ld+json\" class=\"yoast-schema-graph\">{\"@context\":\"https:\/\/schema.org\",\"@graph\":[{\"@type\":\"WebPage\",\"@id\":\"https:\/\/www.royalcourt.co\/fr\/geranceproprietesgstaad\/\",\"url\":\"https:\/\/www.royalcourt.co\/fr\/geranceproprietesgstaad\/\",\"name\":\"G\u00e9rance immobili\u00e8re & conciergerie \u00e0 Gstaad, Saanen, Rougemont, Chateau d-Oex - Royal Court\",\"isPartOf\":{\"@id\":\"https:\/\/www.royalcourt.co\/fr\/#website\"},\"primaryImageOfPage\":{\"@id\":\"https:\/\/www.royalcourt.co\/fr\/geranceproprietesgstaad\/#primaryimage\"},\"image\":{\"@id\":\"https:\/\/www.royalcourt.co\/fr\/geranceproprietesgstaad\/#primaryimage\"},\"thumbnailUrl\":\"https:\/\/www.royalcourt.co\/fr\/wp-content\/uploads\/2021\/03\/217bd8df72ef2fdae8cbcaf08aa3d6d6.jpg\",\"datePublished\":\"2018-11-09T13:28:22+00:00\",\"dateModified\":\"2026-01-25T11:51:27+00:00\",\"description\":\"G\u00e9rance immobili\u00e8re d\u00e9di\u00e9e pour les propri\u00e9t\u00e9s priv\u00e9es \u00e0 Saannenland, Gstaad, Rougement, Ch\u00e2teau-d'Oex. Services sur mesure.\",\"breadcrumb\":{\"@id\":\"https:\/\/www.royalcourt.co\/fr\/geranceproprietesgstaad\/#breadcrumb\"},\"inLanguage\":\"fr-FR\",\"potentialAction\":[{\"@type\":\"ReadAction\",\"target\":[\"https:\/\/www.royalcourt.co\/fr\/geranceproprietesgstaad\/\"]}]},{\"@type\":\"ImageObject\",\"inLanguage\":\"fr-FR\",\"@id\":\"https:\/\/www.royalcourt.co\/fr\/geranceproprietesgstaad\/#primaryimage\",\"url\":\"https:\/\/www.royalcourt.co\/fr\/wp-content\/uploads\/2021\/03\/217bd8df72ef2fdae8cbcaf08aa3d6d6.jpg\",\"contentUrl\":\"https:\/\/www.royalcourt.co\/fr\/wp-content\/uploads\/2021\/03\/217bd8df72ef2fdae8cbcaf08aa3d6d6.jpg\",\"width\":1200,\"height\":900,\"caption\":\"Vacances de luxe Gstaad, Verbier, Suisse\"},{\"@type\":\"BreadcrumbList\",\"@id\":\"https:\/\/www.royalcourt.co\/fr\/geranceproprietesgstaad\/#breadcrumb\",\"itemListElement\":[{\"@type\":\"ListItem\",\"position\":1,\"name\":\"Home\",\"item\":\"https:\/\/www.royalcourt.co\/fr\/\"},{\"@type\":\"ListItem\",\"position\":2,\"name\":\"G\u00e9rance immobili\u00e8re &#038; conciergerie \u00e0 Gstaad, Saanen, Rougemont, Chateau d-Oex\"}]},{\"@type\":\"WebSite\",\"@id\":\"https:\/\/www.royalcourt.co\/fr\/#website\",\"url\":\"https:\/\/www.royalcourt.co\/fr\/\",\"name\":\"Royal Court\",\"description\":\"Gestion et gardiennage de propri&eacute;t&eacute;s priv&eacute;s. Facility Management\",\"potentialAction\":[{\"@type\":\"SearchAction\",\"target\":{\"@type\":\"EntryPoint\",\"urlTemplate\":\"https:\/\/www.royalcourt.co\/fr\/?s={search_term_string}\"},\"query-input\":{\"@type\":\"PropertyValueSpecification\",\"valueRequired\":true,\"valueName\":\"search_term_string\"}}],\"inLanguage\":\"fr-FR\"}]}<\/script>\n<!-- \/ Yoast SEO plugin. -->","yoast_head_json":{"title":"G\u00e9rance immobili\u00e8re & conciergerie \u00e0 Gstaad, Saanen, Rougemont, Chateau d-Oex - Royal Court","description":"G\u00e9rance immobili\u00e8re d\u00e9di\u00e9e pour les propri\u00e9t\u00e9s priv\u00e9es \u00e0 Saannenland, Gstaad, Rougement, Ch\u00e2teau-d'Oex. Services sur mesure.","robots":{"index":"index","follow":"follow","max-snippet":"max-snippet:-1","max-image-preview":"max-image-preview:large","max-video-preview":"max-video-preview:-1"},"canonical":"https:\/\/www.royalcourt.co\/fr\/geranceproprietesgstaad\/","og_locale":"fr_FR","og_type":"article","og_title":"G\u00e9rance immobili\u00e8re & conciergerie \u00e0 Gstaad, Saanen, Rougemont, Chateau d-Oex - Royal Court","og_description":"G\u00e9rance immobili\u00e8re d\u00e9di\u00e9e pour les propri\u00e9t\u00e9s priv\u00e9es \u00e0 Saannenland, Gstaad, Rougement, Ch\u00e2teau-d'Oex. Services sur mesure.","og_url":"https:\/\/www.royalcourt.co\/fr\/geranceproprietesgstaad\/","og_site_name":"Royal Court","article_publisher":"https:\/\/www.facebook.com\/pages\/category\/In-Home-Service\/Royal-Court-Private-Properties-Management-140933876576718\/","article_modified_time":"2026-01-25T11:51:27+00:00","og_image":[{"width":1200,"height":900,"url":"https:\/\/www.royalcourt.co\/fr\/wp-content\/uploads\/2021\/03\/217bd8df72ef2fdae8cbcaf08aa3d6d6.jpg","type":"image\/jpeg"}],"twitter_card":"summary_large_image","twitter_misc":{"Dur\u00e9e de lecture estim\u00e9e":"5 minutes"},"schema":{"@context":"https:\/\/schema.org","@graph":[{"@type":"WebPage","@id":"https:\/\/www.royalcourt.co\/fr\/geranceproprietesgstaad\/","url":"https:\/\/www.royalcourt.co\/fr\/geranceproprietesgstaad\/","name":"G\u00e9rance immobili\u00e8re & conciergerie \u00e0 Gstaad, Saanen, Rougemont, Chateau d-Oex - Royal Court","isPartOf":{"@id":"https:\/\/www.royalcourt.co\/fr\/#website"},"primaryImageOfPage":{"@id":"https:\/\/www.royalcourt.co\/fr\/geranceproprietesgstaad\/#primaryimage"},"image":{"@id":"https:\/\/www.royalcourt.co\/fr\/geranceproprietesgstaad\/#primaryimage"},"thumbnailUrl":"https:\/\/www.royalcourt.co\/fr\/wp-content\/uploads\/2021\/03\/217bd8df72ef2fdae8cbcaf08aa3d6d6.jpg","datePublished":"2018-11-09T13:28:22+00:00","dateModified":"2026-01-25T11:51:27+00:00","description":"G\u00e9rance immobili\u00e8re d\u00e9di\u00e9e pour les propri\u00e9t\u00e9s priv\u00e9es \u00e0 Saannenland, Gstaad, Rougement, Ch\u00e2teau-d'Oex. Services sur mesure.","breadcrumb":{"@id":"https:\/\/www.royalcourt.co\/fr\/geranceproprietesgstaad\/#breadcrumb"},"inLanguage":"fr-FR","potentialAction":[{"@type":"ReadAction","target":["https:\/\/www.royalcourt.co\/fr\/geranceproprietesgstaad\/"]}]},{"@type":"ImageObject","inLanguage":"fr-FR","@id":"https:\/\/www.royalcourt.co\/fr\/geranceproprietesgstaad\/#primaryimage","url":"https:\/\/www.royalcourt.co\/fr\/wp-content\/uploads\/2021\/03\/217bd8df72ef2fdae8cbcaf08aa3d6d6.jpg","contentUrl":"https:\/\/www.royalcourt.co\/fr\/wp-content\/uploads\/2021\/03\/217bd8df72ef2fdae8cbcaf08aa3d6d6.jpg","width":1200,"height":900,"caption":"Vacances de luxe Gstaad, Verbier, Suisse"},{"@type":"BreadcrumbList","@id":"https:\/\/www.royalcourt.co\/fr\/geranceproprietesgstaad\/#breadcrumb","itemListElement":[{"@type":"ListItem","position":1,"name":"Home","item":"https:\/\/www.royalcourt.co\/fr\/"},{"@type":"ListItem","position":2,"name":"G\u00e9rance immobili\u00e8re &#038; conciergerie \u00e0 Gstaad, Saanen, Rougemont, Chateau d-Oex"}]},{"@type":"WebSite","@id":"https:\/\/www.royalcourt.co\/fr\/#website","url":"https:\/\/www.royalcourt.co\/fr\/","name":"Royal Court","description":"Gestion et gardiennage de propri&eacute;t&eacute;s priv&eacute;s. Facility Management","potentialAction":[{"@type":"SearchAction","target":{"@type":"EntryPoint","urlTemplate":"https:\/\/www.royalcourt.co\/fr\/?s={search_term_string}"},"query-input":{"@type":"PropertyValueSpecification","valueRequired":true,"valueName":"search_term_string"}}],"inLanguage":"fr-FR"}]}},"_links":{"self":[{"href":"https:\/\/www.royalcourt.co\/fr\/wp-json\/wp\/v2\/pages\/967","targetHints":{"allow":["GET"]}}],"collection":[{"href":"https:\/\/www.royalcourt.co\/fr\/wp-json\/wp\/v2\/pages"}],"about":[{"href":"https:\/\/www.royalcourt.co\/fr\/wp-json\/wp\/v2\/types\/page"}],"author":[{"embeddable":true,"href":"https:\/\/www.royalcourt.co\/fr\/wp-json\/wp\/v2\/users\/1"}],"replies":[{"embeddable":true,"href":"https:\/\/www.royalcourt.co\/fr\/wp-json\/wp\/v2\/comments?post=967"}],"version-history":[{"count":38,"href":"https:\/\/www.royalcourt.co\/fr\/wp-json\/wp\/v2\/pages\/967\/revisions"}],"predecessor-version":[{"id":2053,"href":"https:\/\/www.royalcourt.co\/fr\/wp-json\/wp\/v2\/pages\/967\/revisions\/2053"}],"wp:featuredmedia":[{"embeddable":true,"href":"https:\/\/www.royalcourt.co\/fr\/wp-json\/wp\/v2\/media\/1485"}],"wp:attachment":[{"href":"https:\/\/www.royalcourt.co\/fr\/wp-json\/wp\/v2\/media?parent=967"}],"curies":[{"name":"wp","href":"https:\/\/api.w.org\/{rel}","templated":true}]}}